{"id":19,"date":"2021-09-06T15:17:13","date_gmt":"2021-09-06T15:17:13","guid":{"rendered":"https:\/\/georgefikry.com\/?page_id=19"},"modified":"2023-09-16T11:13:28","modified_gmt":"2023-09-16T11:13:28","slug":"bio","status":"publish","type":"page","link":"https:\/\/georgefikry.com\/index.php\/bio\/","title":{"rendered":"Biography"},"content":{"rendered":"\n<div class=\"wp-block-columns is-layout-flex wp-container-core-columns-is-layout-8f761849 wp-block-columns-is-layout-flex\">\n<div class=\"wp-block-column is-layout-flow wp-block-column-is-layout-flow\" style=\"flex-basis:100%\">\n<h6 class=\"has-text-align-left wp-block-heading\"><strong>N\u00e9 au Caire, Georges Fikry\u00a0Ibrahim\u00a0est professeur \u00e0 la Facult\u00e9 d\u2019Education Artistique de l\u2019Universit\u00e9\u00a0de Helwan, o\u00f9 il enseigne les principes philosophiques, culturels et sociaux de base\u00a0des arts visuels et de l\u2019\u00e9ducation artistique. Fortement impliqu\u00e9 dans des activit\u00e9s\u00a0environnementales et sociales, il a organis\u00e9 des ateliers d\u2019arts exp\u00e9rimentaux\u00a0et visuels, ciblant les femmes, les enfants et les jeunes. Il a particip\u00e9 \u00e0 plus de 60\u00a0expositions individuelles et collectives, qui ont eu lieu en Egypte et ailleurs. Jouissant\u00a0d\u2019une exp\u00e9rience pertinente en mati\u00e8re d\u2019arts visuels et num\u00e9riques, il repr\u00e9sente les\u00a0rites, les coutumes et les traditions de la soci\u00e9t\u00e9 orientale, en employant des mat\u00e9riaux\u00a0vari\u00e9s et des techniques informatiques, tels que: l\u2019animation, l\u2019art vid\u00e9o, la photographie, le\u00a0graphisme, l\u2019installation, la performance artistique, la vid\u00e9o num\u00e9rique, etc\u2026<\/strong><\/h6>\n\n\n\n<p class=\"wp-block-paragraph\"><\/p>\n<\/div>\n<\/div>\n","protected":false},"excerpt":{"rendered":"<p>N\u00e9 au Caire, Georges Fikry\u00a0Ibrahim\u00a0est professeur \u00e0 la Facult\u00e9 d\u2019Education Artistique de l\u2019Universit\u00e9\u00a0de Helwan, o\u00f9 il enseigne les principes philosophiques, culturels et sociaux de base\u00a0des arts visuels et de l\u2019\u00e9ducation artistique. Fortement impliqu\u00e9 dans des activit\u00e9s\u00a0environnementales et sociales, il a organis\u00e9 des ateliers d\u2019arts exp\u00e9rimentaux\u00a0et visuels, ciblant les femmes, les enfants et les jeunes. Il [&hellip;]<\/p>\n","protected":false},"author":1,"featured_media":397,"parent":0,"menu_order":0,"comment_status":"closed","ping_status":"closed","template":"","meta":{"_crdt_document":"","footnotes":""},"class_list":["post-19","page","type-page","status-publish","has-post-thumbnail","hentry"],"_links":{"self":[{"href":"https:\/\/georgefikry.com\/index.php\/wp-json\/wp\/v2\/pages\/19","targetHints":{"allow":["GET"]}}],"collection":[{"href":"https:\/\/georgefikry.com\/index.php\/wp-json\/wp\/v2\/pages"}],"about":[{"href":"https:\/\/georgefikry.com\/index.php\/wp-json\/wp\/v2\/types\/page"}],"author":[{"embeddable":true,"href":"https:\/\/georgefikry.com\/index.php\/wp-json\/wp\/v2\/users\/1"}],"replies":[{"embeddable":true,"href":"https:\/\/georgefikry.com\/index.php\/wp-json\/wp\/v2\/comments?post=19"}],"version-history":[{"count":12,"href":"https:\/\/georgefikry.com\/index.php\/wp-json\/wp\/v2\/pages\/19\/revisions"}],"predecessor-version":[{"id":1269,"href":"https:\/\/georgefikry.com\/index.php\/wp-json\/wp\/v2\/pages\/19\/revisions\/1269"}],"wp:featuredmedia":[{"embeddable":true,"href":"https:\/\/georgefikry.com\/index.php\/wp-json\/wp\/v2\/media\/397"}],"wp:attachment":[{"href":"https:\/\/georgefikry.com\/index.php\/wp-json\/wp\/v2\/media?parent=19"}],"curies":[{"name":"wp","href":"https:\/\/api.w.org\/{rel}","templated":true}]}}